{"id":1273,"date":"2022-07-05T12:56:10","date_gmt":"2022-07-05T10:56:10","guid":{"rendered":"http:\/\/ipb-baier.com.hc213578-2.profi-server.net\/former-nose\/"},"modified":"2022-07-05T18:30:32","modified_gmt":"2022-07-05T16:30:32","slug":"former-nose","status":"publish","type":"page","link":"https:\/\/baier.inetservice.at\/en\/former-nose\/","title":{"rendered":"Jaw Blades"},"content":{"rendered":"\r\n<h2>Jaw blades for weboffset folders<\/h2>\r\n<p>When manufacturing our jaw blades, we ensure the exact tolerance range is kept precisely. Your main advantage when using our jaw blades with a polyurethane coating is that the polyurethane has a casted bond with the steel body of the jaw blade.<\/p>\r\n\r\n\r\n\r\n<p>The problem of the polyurethane becoming detached from the steel body and the associated problems in the folder is therefore solved. We also provide you with fixed or movable jaw blades with a tungsten carbide spray coating (tungsten carbide coating).<\/p>\r\n\r\n\r\n\r\n<p>All jaw blades with IPpure (polyurethane coating) or tungsten carbide coating are also repaired cost-effectively and within the shortest delivery times.<\/p>\r\n\r\n\r\n\r\n<p>You may place your order quickly and easily here: http:\/\/shop.ipb-baier.com\/login.php<\/p>\r\n\r\n\r\n\r\n<figure class=\"wp-block-image size-large is-resized\"><img loading=\"lazy\" decoding=\"async\" class=\"wp-image-817\" src=\"http:\/\/ipb-baier.com\/wp-content\/uploads\/2020\/07\/Falzklappen-2.jpg\" alt=\"\" width=\"700\" height=\"350\" \/>\r\n<figcaption>Jaw blades<\/figcaption>\r\n<\/figure>\r\n\r\n\r\n\r\n<p><a href=\"https:\/\/www.ipb-baier.com\/trichternasen\/\">jaw blades<\/a> were also interested in former noses !<\/p>\r\n","protected":false},"excerpt":{"rendered":"<p>Jaw blades for weboffset folders When manufacturing our jaw blades, we ensure the exact tolerance range is kept precisely. Your main advantage when using our jaw blades with a polyurethane coating is that the polyurethane has a casted bond with the steel body of the jaw blade. The problem of the polyurethane becoming detached from [&hellip;]<\/p>\n","protected":false},"author":1,"featured_media":0,"parent":0,"menu_order":0,"comment_status":"closed","ping_status":"closed","template":"","meta":{"_acf_changed":false,"footnotes":""},"class_list":["post-1273","page","type-page","status-publish","hentry"],"acf":[],"yoast_head":"<!-- This site is optimized with the Yoast SEO plugin v26.8 - https:\/\/yoast.com\/product\/yoast-seo-wordpress\/ -->\n<title>Jaw Blades verschiedener Arten - IPB Baier Industriepartner<\/title>\n<meta name=\"description\" content=\"IPB Baier produziert verschiedene Arten von Falzklappen f\u00fcr alle g\u00e4ngigen Falzapparate daf\u00fcr verwenden wir und verschlei\u00dffeste Polyurethanbeschichtung.\" \/>\n<meta name=\"robots\" content=\"noindex, follow, max-snippet:-1, max-image-preview:large, max-video-preview:-1\" \/>\n<meta property=\"og:locale\" content=\"en_US\" \/>\n<meta property=\"og:type\" content=\"article\" \/>\n<meta property=\"og:title\" content=\"Jaw Blades verschiedener Arten - IPB Baier Industriepartner\" \/>\n<meta property=\"og:description\" content=\"IPB Baier produziert verschiedene Arten von Falzklappen f\u00fcr alle g\u00e4ngigen Falzapparate daf\u00fcr verwenden wir und verschlei\u00dffeste Polyurethanbeschichtung.\" \/>\n<meta property=\"og:url\" content=\"https:\/\/baier.inetservice.at\/falzklappen\/\" \/>\n<meta property=\"og:site_name\" content=\"IPB Baier Industriepartner\" \/>\n<meta property=\"article:modified_time\" content=\"2022-07-05T16:30:32+00:00\" \/>\n<meta property=\"og:image\" content=\"http:\/\/ipb-baier.com\/wp-content\/uploads\/2020\/07\/Falzklappen-2.jpg\" \/>\n<meta name=\"twitter:card\" content=\"summary_large_image\" \/>\n<meta name=\"twitter:label1\" content=\"Est. reading time\" \/>\n\t<meta name=\"twitter:data1\" content=\"1 minute\" \/>\n<script type=\"application\/ld+json\" class=\"yoast-schema-graph\">{\"@context\":\"https:\/\/schema.org\",\"@graph\":[{\"@type\":\"WebPage\",\"@id\":\"https:\/\/baier.inetservice.at\/falzklappen\/\",\"url\":\"https:\/\/baier.inetservice.at\/falzklappen\/\",\"name\":\"Jaw Blades verschiedener Arten - IPB Baier Industriepartner\",\"isPartOf\":{\"@id\":\"https:\/\/baier.inetservice.at\/#website\"},\"primaryImageOfPage\":{\"@id\":\"https:\/\/baier.inetservice.at\/falzklappen\/#primaryimage\"},\"image\":{\"@id\":\"https:\/\/baier.inetservice.at\/falzklappen\/#primaryimage\"},\"thumbnailUrl\":\"http:\/\/ipb-baier.com\/wp-content\/uploads\/2020\/07\/Falzklappen-2.jpg\",\"datePublished\":\"2022-07-05T10:56:10+00:00\",\"dateModified\":\"2022-07-05T16:30:32+00:00\",\"description\":\"IPB Baier produziert verschiedene Arten von Falzklappen f\u00fcr alle g\u00e4ngigen Falzapparate daf\u00fcr verwenden wir und verschlei\u00dffeste Polyurethanbeschichtung.\",\"breadcrumb\":{\"@id\":\"https:\/\/baier.inetservice.at\/falzklappen\/#breadcrumb\"},\"inLanguage\":\"en-US\",\"potentialAction\":[{\"@type\":\"ReadAction\",\"target\":[\"https:\/\/baier.inetservice.at\/falzklappen\/\"]}]},{\"@type\":\"ImageObject\",\"inLanguage\":\"en-US\",\"@id\":\"https:\/\/baier.inetservice.at\/falzklappen\/#primaryimage\",\"url\":\"http:\/\/ipb-baier.com\/wp-content\/uploads\/2020\/07\/Falzklappen-2.jpg\",\"contentUrl\":\"http:\/\/ipb-baier.com\/wp-content\/uploads\/2020\/07\/Falzklappen-2.jpg\"},{\"@type\":\"BreadcrumbList\",\"@id\":\"https:\/\/baier.inetservice.at\/falzklappen\/#breadcrumb\",\"itemListElement\":[{\"@type\":\"ListItem\",\"position\":1,\"name\":\"Startseite\",\"item\":\"https:\/\/baier.inetservice.at\/\"},{\"@type\":\"ListItem\",\"position\":2,\"name\":\"Jaw Blades\"}]},{\"@type\":\"WebSite\",\"@id\":\"https:\/\/baier.inetservice.at\/#website\",\"url\":\"https:\/\/baier.inetservice.at\/\",\"name\":\"IPB Baier Industriepartner\",\"description\":\"\",\"potentialAction\":[{\"@type\":\"SearchAction\",\"target\":{\"@type\":\"EntryPoint\",\"urlTemplate\":\"https:\/\/baier.inetservice.at\/?s={search_term_string}\"},\"query-input\":{\"@type\":\"PropertyValueSpecification\",\"valueRequired\":true,\"valueName\":\"search_term_string\"}}],\"inLanguage\":\"en-US\"}]}<\/script>\n<!-- \/ Yoast SEO plugin. -->","yoast_head_json":{"title":"Jaw Blades verschiedener Arten - IPB Baier Industriepartner","description":"IPB Baier produziert verschiedene Arten von Falzklappen f\u00fcr alle g\u00e4ngigen Falzapparate daf\u00fcr verwenden wir und verschlei\u00dffeste Polyurethanbeschichtung.","robots":{"index":"noindex","follow":"follow","max-snippet":"max-snippet:-1","max-image-preview":"max-image-preview:large","max-video-preview":"max-video-preview:-1"},"og_locale":"en_US","og_type":"article","og_title":"Jaw Blades verschiedener Arten - IPB Baier Industriepartner","og_description":"IPB Baier produziert verschiedene Arten von Falzklappen f\u00fcr alle g\u00e4ngigen Falzapparate daf\u00fcr verwenden wir und verschlei\u00dffeste Polyurethanbeschichtung.","og_url":"https:\/\/baier.inetservice.at\/falzklappen\/","og_site_name":"IPB Baier Industriepartner","article_modified_time":"2022-07-05T16:30:32+00:00","og_image":[{"url":"http:\/\/ipb-baier.com\/wp-content\/uploads\/2020\/07\/Falzklappen-2.jpg","type":"","width":"","height":""}],"twitter_card":"summary_large_image","twitter_misc":{"Est. reading time":"1 minute"},"schema":{"@context":"https:\/\/schema.org","@graph":[{"@type":"WebPage","@id":"https:\/\/baier.inetservice.at\/falzklappen\/","url":"https:\/\/baier.inetservice.at\/falzklappen\/","name":"Jaw Blades verschiedener Arten - IPB Baier Industriepartner","isPartOf":{"@id":"https:\/\/baier.inetservice.at\/#website"},"primaryImageOfPage":{"@id":"https:\/\/baier.inetservice.at\/falzklappen\/#primaryimage"},"image":{"@id":"https:\/\/baier.inetservice.at\/falzklappen\/#primaryimage"},"thumbnailUrl":"http:\/\/ipb-baier.com\/wp-content\/uploads\/2020\/07\/Falzklappen-2.jpg","datePublished":"2022-07-05T10:56:10+00:00","dateModified":"2022-07-05T16:30:32+00:00","description":"IPB Baier produziert verschiedene Arten von Falzklappen f\u00fcr alle g\u00e4ngigen Falzapparate daf\u00fcr verwenden wir und verschlei\u00dffeste Polyurethanbeschichtung.","breadcrumb":{"@id":"https:\/\/baier.inetservice.at\/falzklappen\/#breadcrumb"},"inLanguage":"en-US","potentialAction":[{"@type":"ReadAction","target":["https:\/\/baier.inetservice.at\/falzklappen\/"]}]},{"@type":"ImageObject","inLanguage":"en-US","@id":"https:\/\/baier.inetservice.at\/falzklappen\/#primaryimage","url":"http:\/\/ipb-baier.com\/wp-content\/uploads\/2020\/07\/Falzklappen-2.jpg","contentUrl":"http:\/\/ipb-baier.com\/wp-content\/uploads\/2020\/07\/Falzklappen-2.jpg"},{"@type":"BreadcrumbList","@id":"https:\/\/baier.inetservice.at\/falzklappen\/#breadcrumb","itemListElement":[{"@type":"ListItem","position":1,"name":"Startseite","item":"https:\/\/baier.inetservice.at\/"},{"@type":"ListItem","position":2,"name":"Jaw Blades"}]},{"@type":"WebSite","@id":"https:\/\/baier.inetservice.at\/#website","url":"https:\/\/baier.inetservice.at\/","name":"IPB Baier Industriepartner","description":"","potentialAction":[{"@type":"SearchAction","target":{"@type":"EntryPoint","urlTemplate":"https:\/\/baier.inetservice.at\/?s={search_term_string}"},"query-input":{"@type":"PropertyValueSpecification","valueRequired":true,"valueName":"search_term_string"}}],"inLanguage":"en-US"}]}},"_links":{"self":[{"href":"https:\/\/baier.inetservice.at\/en\/wp-json\/wp\/v2\/pages\/1273","targetHints":{"allow":["GET"]}}],"collection":[{"href":"https:\/\/baier.inetservice.at\/en\/wp-json\/wp\/v2\/pages"}],"about":[{"href":"https:\/\/baier.inetservice.at\/en\/wp-json\/wp\/v2\/types\/page"}],"author":[{"embeddable":true,"href":"https:\/\/baier.inetservice.at\/en\/wp-json\/wp\/v2\/users\/1"}],"replies":[{"embeddable":true,"href":"https:\/\/baier.inetservice.at\/en\/wp-json\/wp\/v2\/comments?post=1273"}],"version-history":[{"count":5,"href":"https:\/\/baier.inetservice.at\/en\/wp-json\/wp\/v2\/pages\/1273\/revisions"}],"predecessor-version":[{"id":1316,"href":"https:\/\/baier.inetservice.at\/en\/wp-json\/wp\/v2\/pages\/1273\/revisions\/1316"}],"wp:attachment":[{"href":"https:\/\/baier.inetservice.at\/en\/wp-json\/wp\/v2\/media?parent=1273"}],"curies":[{"name":"wp","href":"https:\/\/api.w.org\/{rel}","templated":true}]}}