{"id":1346,"date":"2022-07-05T18:46:01","date_gmt":"2022-07-05T16:46:01","guid":{"rendered":"http:\/\/ipb-baier.com.hc213578-2.profi-server.net\/?page_id=1346"},"modified":"2022-07-05T18:46:01","modified_gmt":"2022-07-05T16:46:01","slug":"jobs","status":"publish","type":"page","link":"https:\/\/baier.inetservice.at\/en\/jobs\/","title":{"rendered":"Jobs"},"content":{"rendered":"<p>Unsere Firma w\u00e4chst!<\/p>\n<p>Wir wenden uns an Personen mit Berufserfahrung als CNC Fr\u00e4ser\/in<\/p>\n<p><strong>DMU 75 monoBlock<\/strong> 5 Achsen, Heidenhain 530 und 640<br \/>\n<strong>DMF 180<\/strong> 5 Achsen, Heidenhain 530<br \/>\n<strong>DMU 80<\/strong> 3 Achsen Heidenhain 430<\/p>\n<p>mind. 3 Jahre Berufserfahrung und selbst\u00e4ndiges programmieren vorteilhaft<\/p>\n<p>Eigenst\u00e4ndiges Arbeiten im 2 Schichtbetrieb und hohes Engagement setzen wir voraus.<\/p>\n<p>Wir bieten Ihnen eine angenehme, abwechslungsreiche Arbeitsstelle in einem dynamischen Team mit modernem Maschinenpark.<\/p>\n<p>Ihre Entlohnung erfolgt lt. Kollektivvertrag Mechatronik, eine \u00dcberzahlung bei H\u00f6herqualifikation ist m\u00f6glich.<\/p>\n<p>F\u00fchlen Sie sich angesprochen?<br \/>\nWir freuen uns auf Ihre schriftliche Bewerbung<\/p>\n","protected":false},"excerpt":{"rendered":"<p>Unsere Firma w\u00e4chst! Wir wenden uns an Personen mit Berufserfahrung als CNC Fr\u00e4ser\/in DMU 75 monoBlock 5 Achsen, Heidenhain 530 und 640 DMF 180 5 Achsen, Heidenhain 530 DMU 80 3 Achsen Heidenhain 430 mind. 3 Jahre Berufserfahrung und selbst\u00e4ndiges programmieren vorteilhaft Eigenst\u00e4ndiges Arbeiten im 2 Schichtbetrieb und hohes Engagement setzen wir voraus. Wir bieten [&hellip;]<\/p>\n","protected":false},"author":1,"featured_media":0,"parent":0,"menu_order":0,"comment_status":"closed","ping_status":"closed","template":"","meta":{"_acf_changed":false,"footnotes":""},"class_list":["post-1346","page","type-page","status-publish","hentry"],"acf":[],"yoast_head":"<!-- This site is optimized with the Yoast SEO plugin v26.8 - https:\/\/yoast.com\/product\/yoast-seo-wordpress\/ -->\n<title>Jobs - IPB Baier Industriepartner<\/title>\n<meta name=\"robots\" content=\"noindex, follow, max-snippet:-1, max-image-preview:large, max-video-preview:-1\" \/>\n<meta property=\"og:locale\" content=\"en_US\" \/>\n<meta property=\"og:type\" content=\"article\" \/>\n<meta property=\"og:title\" content=\"Jobs - IPB Baier Industriepartner\" \/>\n<meta property=\"og:description\" content=\"Unsere Firma w\u00e4chst! Wir wenden uns an Personen mit Berufserfahrung als CNC Fr\u00e4ser\/in DMU 75 monoBlock 5 Achsen, Heidenhain 530 und 640 DMF 180 5 Achsen, Heidenhain 530 DMU 80 3 Achsen Heidenhain 430 mind. 3 Jahre Berufserfahrung und selbst\u00e4ndiges programmieren vorteilhaft Eigenst\u00e4ndiges Arbeiten im 2 Schichtbetrieb und hohes Engagement setzen wir voraus. Wir bieten [&hellip;]\" \/>\n<meta property=\"og:url\" content=\"https:\/\/baier.inetservice.at\/jobs\/\" \/>\n<meta property=\"og:site_name\" content=\"IPB Baier Industriepartner\" \/>\n<meta name=\"twitter:card\" content=\"summary_large_image\" \/>\n<script type=\"application\/ld+json\" class=\"yoast-schema-graph\">{\"@context\":\"https:\/\/schema.org\",\"@graph\":[{\"@type\":\"WebPage\",\"@id\":\"https:\/\/baier.inetservice.at\/jobs\/\",\"url\":\"https:\/\/baier.inetservice.at\/jobs\/\",\"name\":\"Jobs - IPB Baier Industriepartner\",\"isPartOf\":{\"@id\":\"https:\/\/baier.inetservice.at\/#website\"},\"datePublished\":\"2022-07-05T16:46:01+00:00\",\"breadcrumb\":{\"@id\":\"https:\/\/baier.inetservice.at\/jobs\/#breadcrumb\"},\"inLanguage\":\"en-US\",\"potentialAction\":[{\"@type\":\"ReadAction\",\"target\":[\"https:\/\/baier.inetservice.at\/jobs\/\"]}]},{\"@type\":\"BreadcrumbList\",\"@id\":\"https:\/\/baier.inetservice.at\/jobs\/#breadcrumb\",\"itemListElement\":[{\"@type\":\"ListItem\",\"position\":1,\"name\":\"Startseite\",\"item\":\"https:\/\/baier.inetservice.at\/\"},{\"@type\":\"ListItem\",\"position\":2,\"name\":\"Jobs\"}]},{\"@type\":\"WebSite\",\"@id\":\"https:\/\/baier.inetservice.at\/#website\",\"url\":\"https:\/\/baier.inetservice.at\/\",\"name\":\"IPB Baier Industriepartner\",\"description\":\"\",\"potentialAction\":[{\"@type\":\"SearchAction\",\"target\":{\"@type\":\"EntryPoint\",\"urlTemplate\":\"https:\/\/baier.inetservice.at\/?s={search_term_string}\"},\"query-input\":{\"@type\":\"PropertyValueSpecification\",\"valueRequired\":true,\"valueName\":\"search_term_string\"}}],\"inLanguage\":\"en-US\"}]}<\/script>\n<!-- \/ Yoast SEO plugin. -->","yoast_head_json":{"title":"Jobs - IPB Baier Industriepartner","robots":{"index":"noindex","follow":"follow","max-snippet":"max-snippet:-1","max-image-preview":"max-image-preview:large","max-video-preview":"max-video-preview:-1"},"og_locale":"en_US","og_type":"article","og_title":"Jobs - IPB Baier Industriepartner","og_description":"Unsere Firma w\u00e4chst! Wir wenden uns an Personen mit Berufserfahrung als CNC Fr\u00e4ser\/in DMU 75 monoBlock 5 Achsen, Heidenhain 530 und 640 DMF 180 5 Achsen, Heidenhain 530 DMU 80 3 Achsen Heidenhain 430 mind. 3 Jahre Berufserfahrung und selbst\u00e4ndiges programmieren vorteilhaft Eigenst\u00e4ndiges Arbeiten im 2 Schichtbetrieb und hohes Engagement setzen wir voraus. Wir bieten [&hellip;]","og_url":"https:\/\/baier.inetservice.at\/jobs\/","og_site_name":"IPB Baier Industriepartner","twitter_card":"summary_large_image","schema":{"@context":"https:\/\/schema.org","@graph":[{"@type":"WebPage","@id":"https:\/\/baier.inetservice.at\/jobs\/","url":"https:\/\/baier.inetservice.at\/jobs\/","name":"Jobs - IPB Baier Industriepartner","isPartOf":{"@id":"https:\/\/baier.inetservice.at\/#website"},"datePublished":"2022-07-05T16:46:01+00:00","breadcrumb":{"@id":"https:\/\/baier.inetservice.at\/jobs\/#breadcrumb"},"inLanguage":"en-US","potentialAction":[{"@type":"ReadAction","target":["https:\/\/baier.inetservice.at\/jobs\/"]}]},{"@type":"BreadcrumbList","@id":"https:\/\/baier.inetservice.at\/jobs\/#breadcrumb","itemListElement":[{"@type":"ListItem","position":1,"name":"Startseite","item":"https:\/\/baier.inetservice.at\/"},{"@type":"ListItem","position":2,"name":"Jobs"}]},{"@type":"WebSite","@id":"https:\/\/baier.inetservice.at\/#website","url":"https:\/\/baier.inetservice.at\/","name":"IPB Baier Industriepartner","description":"","potentialAction":[{"@type":"SearchAction","target":{"@type":"EntryPoint","urlTemplate":"https:\/\/baier.inetservice.at\/?s={search_term_string}"},"query-input":{"@type":"PropertyValueSpecification","valueRequired":true,"valueName":"search_term_string"}}],"inLanguage":"en-US"}]}},"_links":{"self":[{"href":"https:\/\/baier.inetservice.at\/en\/wp-json\/wp\/v2\/pages\/1346","targetHints":{"allow":["GET"]}}],"collection":[{"href":"https:\/\/baier.inetservice.at\/en\/wp-json\/wp\/v2\/pages"}],"about":[{"href":"https:\/\/baier.inetservice.at\/en\/wp-json\/wp\/v2\/types\/page"}],"author":[{"embeddable":true,"href":"https:\/\/baier.inetservice.at\/en\/wp-json\/wp\/v2\/users\/1"}],"replies":[{"embeddable":true,"href":"https:\/\/baier.inetservice.at\/en\/wp-json\/wp\/v2\/comments?post=1346"}],"version-history":[{"count":1,"href":"https:\/\/baier.inetservice.at\/en\/wp-json\/wp\/v2\/pages\/1346\/revisions"}],"predecessor-version":[{"id":1347,"href":"https:\/\/baier.inetservice.at\/en\/wp-json\/wp\/v2\/pages\/1346\/revisions\/1347"}],"wp:attachment":[{"href":"https:\/\/baier.inetservice.at\/en\/wp-json\/wp\/v2\/media?parent=1346"}],"curies":[{"name":"wp","href":"https:\/\/api.w.org\/{rel}","templated":true}]}}